{"id":22776,"date":"2026-03-13T12:06:02","date_gmt":"2026-03-13T12:06:02","guid":{"rendered":"https:\/\/dutchbargain.com\/webshop\/?post_type=product&#038;p=22776"},"modified":"2026-04-15T17:35:36","modified_gmt":"2026-04-15T17:35:36","slug":"thiols-theory-collab-w-cervejaria-fermi-brazilie","status":"publish","type":"product","link":"https:\/\/dutchbargain.com\/webshop\/product\/thiols-theory-collab-w-cervejaria-fermi-brazilie\/","title":{"rendered":"Thiols Theory &#8211; collab w\/ Cervejaria Fermi Brazili\u00eb"},"content":{"rendered":"","protected":false},"excerpt":{"rendered":"<p>Eerder dit jaar bezochten we Barcelona voor de Hops Company Hop Selection. Tijdens dit event ontmoetten we Fermi!<\/p>\n<p>Na uren praten over aliens en bier besloten we samen een buitenaardse New England IPA te brouwen.<\/p>\n<p>Geen klassieke collab waarbij we bij \u00e9\u00e9n brouwerij brouwen, maar een simultane brew in Brazili\u00eb en Nederland.<br \/>\nHetzelfde recept, dezelfde geweldige hoppen van Hops Company.<\/p>\n<p>Om precies te zijn: Strata en Luminosa.<\/p>\n","protected":false},"featured_media":22777,"template":"","meta":{"om_disable_all_campaigns":false,"_monsterinsights_skip_tracking":false,"_monsterinsights_sitenote_active":false,"_monsterinsights_sitenote_note":"","_monsterinsights_sitenote_category":0},"product_brand":[],"product_cat":[55],"product_tag":[151],"class_list":{"0":"post-22776","1":"product","2":"type-product","3":"status-publish","4":"has-post-thumbnail","6":"product_cat-ipa","7":"product_tag-specials","8":"product_deptype-statiegeld-15-cent","10":"first","11":"instock","12":"taxable","13":"shipping-taxable","14":"purchasable","15":"product-type-simple"},"bundled_by":["22662","22659"],"bundle_stock_status":"instock","bundle_stock_quantity":null,"bundle_virtual":false,"bundle_layout":"","bundle_add_to_cart_form_location":"","bundle_editable_in_cart":false,"bundle_sold_individually_context":"","bundle_item_grouping":"","bundle_min_size":"","bundle_max_size":"","bundled_items":[],"bundle_sell_ids":[],"aioseo_notices":[],"_links":{"self":[{"href":"https:\/\/dutchbargain.com\/webshop\/wp-json\/wp\/v2\/product\/22776","targetHints":{"allow":["GET"]}}],"collection":[{"href":"https:\/\/dutchbargain.com\/webshop\/wp-json\/wp\/v2\/product"}],"about":[{"href":"https:\/\/dutchbargain.com\/webshop\/wp-json\/wp\/v2\/types\/product"}],"version-history":[{"count":1,"href":"https:\/\/dutchbargain.com\/webshop\/wp-json\/wp\/v2\/product\/22776\/revisions"}],"predecessor-version":[{"id":22779,"href":"https:\/\/dutchbargain.com\/webshop\/wp-json\/wp\/v2\/product\/22776\/revisions\/22779"}],"wp:featuredmedia":[{"embeddable":true,"href":"https:\/\/dutchbargain.com\/webshop\/wp-json\/wp\/v2\/media\/22777"}],"wp:attachment":[{"href":"https:\/\/dutchbargain.com\/webshop\/wp-json\/wp\/v2\/media?parent=22776"}],"wp:term":[{"taxonomy":"product_brand","embeddable":true,"href":"https:\/\/dutchbargain.com\/webshop\/wp-json\/wp\/v2\/product_brand?post=22776"},{"taxonomy":"product_cat","embeddable":true,"href":"https:\/\/dutchbargain.com\/webshop\/wp-json\/wp\/v2\/product_cat?post=22776"},{"taxonomy":"product_tag","embeddable":true,"href":"https:\/\/dutchbargain.com\/webshop\/wp-json\/wp\/v2\/product_tag?post=22776"}],"curies":[{"name":"wp","href":"https:\/\/api.w.org\/{rel}","templated":true}]}}