{"id":18119,"date":"2024-03-06T14:04:24","date_gmt":"2024-03-06T14:04:24","guid":{"rendered":"https:\/\/dutchbargain.com\/webshop\/?post_type=product&#038;p=18119"},"modified":"2026-04-18T12:10:28","modified_gmt":"2026-04-18T12:10:28","slug":"petit-cafe","status":"publish","type":"product","link":"https:\/\/dutchbargain.com\/webshop\/product\/petit-cafe\/","title":{"rendered":"Petit Caf\u00e9"},"content":{"rendered":"","protected":false},"excerpt":{"rendered":"<p>Petite bierre? Non, non, non trop t\u00f4t! Petit Caf\u00e9? A oui tres bien! For signature 02.24 we&#8217;ve headed down south to la douce France! Maybe not known for it&#8217;s coffee culture but Cafe avec un Madelaine? La france is magnifique. Starting the morning with a petit cafe will put all your sorrwos away. So start your day with this big coffee stout! SALUT!<\/p>\n","protected":false},"featured_media":18120,"template":"","meta":{"om_disable_all_campaigns":false,"_monsterinsights_skip_tracking":false,"_monsterinsights_sitenote_active":false,"_monsterinsights_sitenote_note":"","_monsterinsights_sitenote_category":0},"product_brand":[],"product_cat":[15],"product_tag":[151],"class_list":{"0":"post-18119","1":"product","2":"type-product","3":"status-publish","4":"has-post-thumbnail","6":"product_cat-uncategorized","7":"product_tag-specials","8":"product_deptype-statiegeld-15-cent","10":"first","11":"outofstock","12":"taxable","13":"shipping-taxable","14":"purchasable","15":"product-type-simple"},"bundled_by":["19097"],"bundle_stock_status":"outofstock","bundle_stock_quantity":null,"bundle_virtual":false,"bundle_layout":"","bundle_add_to_cart_form_location":"","bundle_editable_in_cart":false,"bundle_sold_individually_context":"","bundle_item_grouping":"","bundle_min_size":"","bundle_max_size":"","bundled_items":[],"bundle_sell_ids":[],"aioseo_notices":[],"_links":{"self":[{"href":"https:\/\/dutchbargain.com\/webshop\/wp-json\/wp\/v2\/product\/18119","targetHints":{"allow":["GET"]}}],"collection":[{"href":"https:\/\/dutchbargain.com\/webshop\/wp-json\/wp\/v2\/product"}],"about":[{"href":"https:\/\/dutchbargain.com\/webshop\/wp-json\/wp\/v2\/types\/product"}],"version-history":[{"count":1,"href":"https:\/\/dutchbargain.com\/webshop\/wp-json\/wp\/v2\/product\/18119\/revisions"}],"predecessor-version":[{"id":18124,"href":"https:\/\/dutchbargain.com\/webshop\/wp-json\/wp\/v2\/product\/18119\/revisions\/18124"}],"wp:featuredmedia":[{"embeddable":true,"href":"https:\/\/dutchbargain.com\/webshop\/wp-json\/wp\/v2\/media\/18120"}],"wp:attachment":[{"href":"https:\/\/dutchbargain.com\/webshop\/wp-json\/wp\/v2\/media?parent=18119"}],"wp:term":[{"taxonomy":"product_brand","embeddable":true,"href":"https:\/\/dutchbargain.com\/webshop\/wp-json\/wp\/v2\/product_brand?post=18119"},{"taxonomy":"product_cat","embeddable":true,"href":"https:\/\/dutchbargain.com\/webshop\/wp-json\/wp\/v2\/product_cat?post=18119"},{"taxonomy":"product_tag","embeddable":true,"href":"https:\/\/dutchbargain.com\/webshop\/wp-json\/wp\/v2\/product_tag?post=18119"}],"curies":[{"name":"wp","href":"https:\/\/api.w.org\/{rel}","templated":true}]}}